{"id":938,"date":"2022-05-29T02:19:14","date_gmt":"2022-05-28T23:19:14","guid":{"rendered":"http:\/\/bienotomasyon.com\/?page_id=938"},"modified":"2022-10-02T23:11:46","modified_gmt":"2022-10-02T20:11:46","slug":"energyautomation","status":"publish","type":"page","link":"http:\/\/bienotomasyon.com\/en\/energyautomation\/","title":{"rendered":"Energy Automation"},"content":{"rendered":"<div data-elementor-type=\"wp-page\" data-elementor-id=\"938\" class=\"elementor elementor-938\">\n\t\t\t\t\t\t\t<div class=\"elementor-element elementor-element-425e79ff e-flex e-con-boxed e-con e-parent\" data-id=\"425e79ff\" data-element_type=\"container\" data-settings=\"{&quot;content_width&quot;:&quot;boxed&quot;}\" data-core-v316-plus=\"true\">\n\t\t\t\t\t<div class=\"e-con-inner\">\n\t\t\t\t<div class=\"elementor-element elementor-element-33dbb8a9 elementor-widget elementor-widget-text-editor\" data-id=\"33dbb8a9\" data-element_type=\"widget\" data-widget_type=\"text-editor.default\">\n\t\t\t\t<div class=\"elementor-widget-container\">\n\t\t\t<style>\/*! elementor - v3.16.0 - 12-09-2023 *\/\n.elementor-widget-text-editor.elementor-drop-cap-view-stacked .elementor-drop-cap{background-color:#69727d;color:#fff}.elementor-widget-text-editor.elementor-drop-cap-view-framed .elementor-drop-cap{color:#69727d;border:3px solid;background-color:transparent}.elementor-widget-text-editor:not(.elementor-drop-cap-view-default) .elementor-drop-cap{margin-top:8px}.elementor-widget-text-editor:not(.elementor-drop-cap-view-default) .elementor-drop-cap-letter{width:1em;height:1em}.elementor-widget-text-editor .elementor-drop-cap{float:left;text-align:center;line-height:1;font-size:50px}.elementor-widget-text-editor .elementor-drop-cap-letter{display:inline-block}<\/style>\t\t\t\t<h2 style=\"text-align: center;\"><span style=\"color: #000000;\"><strong>ENERGY AUTOMATION<\/strong><\/span><\/h2>\t\t\t\t\t\t<\/div>\n\t\t\t\t<\/div>\n\t\t\t\t\t<\/div>\n\t\t\t\t<\/div>\n\t\t<div class=\"elementor-element elementor-element-60505ce7 e-flex e-con-boxed e-con e-parent\" data-id=\"60505ce7\" data-element_type=\"container\" data-settings=\"{&quot;content_width&quot;:&quot;boxed&quot;}\" data-core-v316-plus=\"true\">\n\t\t\t\t\t<div class=\"e-con-inner\">\n\t\t\t\t<div class=\"elementor-element elementor-element-38cb2163 elementor-widget elementor-widget-text-editor\" data-id=\"38cb2163\" data-element_type=\"widget\" data-widget_type=\"text-editor.default\">\n\t\t\t\t<div class=\"elementor-widget-container\">\n\t\t\t\t\t\t\t<p><b>D\u00fcnyada enerji maliyetlerinin g\u00fcn ge\u00e7tik\u00e7e y\u00fckselmesi nedeniyle enerjinin verimli kullan\u0131lmas\u0131, giderek daha fazla \u00f6nem kazanmaya ba\u015fl\u0131yor. Enerjinin verimli \u015fekilde kullan\u0131lmas\u0131 \u00e7evrenin korunmas\u0131na fayda sa\u011flad\u0131\u011f\u0131 gibi, i\u015fletmelerin karl\u0131l\u0131k oranlar\u0131n\u0131 artt\u0131rmaktad\u0131r. Sekt\u00f6re g\u00f6re de\u011fi\u015fmekle birlikte, i\u015fletme b\u00fct\u00e7esinin %10-50 enerji maliyetleri olu\u015fturmaktad\u0131r. <\/b><\/p><p><b>With energy automation, data such as in which regions or units the energy is consumed more, at which hours it is consumed more, which loads consume more energy, how much energy is consumed at the same time (Day, Week, Month, Year) in the past are recorded. These data can be easily monitored with the trends and reports created in the energy automation software.<br \/><\/b><\/p><p><b>Apart from electricity consumption with energy automation, natural gas, water, steam, compressed air, temperature and air leaks should be monitored and reported. <\/b><\/p><p><b>Below are the systems monitored by energy automation.\u00a0 <\/b><\/p>\t\t\t\t\t\t<\/div>\n\t\t\t\t<\/div>\n\t\t\t\t\t<\/div>\n\t\t\t\t<\/div>\n\t\t<div class=\"elementor-element elementor-element-31f67874 e-flex e-con-boxed e-con e-parent\" data-id=\"31f67874\" data-element_type=\"container\" data-settings=\"{&quot;content_width&quot;:&quot;boxed&quot;}\" data-core-v316-plus=\"true\">\n\t\t\t\t\t<div class=\"e-con-inner\">\n\t\t<div class=\"elementor-element elementor-element-3dd5eaaa e-con-full e-flex e-con e-parent\" data-id=\"3dd5eaaa\" data-element_type=\"container\" data-settings=\"{&quot;content_width&quot;:&quot;full&quot;}\" data-core-v316-plus=\"true\">\n\t\t\t\t<div class=\"elementor-element elementor-element-4d8c8e4c elementor-widget elementor-widget-image\" data-id=\"4d8c8e4c\" data-element_type=\"widget\" data-widget_type=\"image.default\">\n\t\t\t\t<div class=\"elementor-widget-container\">\n\t\t\t<style>\/*! elementor - v3.16.0 - 12-09-2023 *\/\n.elementor-widget-image{text-align:center}.elementor-widget-image a{display:inline-block}.elementor-widget-image a img[src$=\".svg\"]{width:48px}.elementor-widget-image img{vertical-align:middle;display:inline-block}<\/style>\t\t\t\t\t\t\t\t\t<figure class=\"wp-caption\">\n\t\t\t\t\t\t\t\t\t\t<img loading=\"lazy\" decoding=\"async\" width=\"128\" height=\"150\" src=\"http:\/\/bienotomasyon.com\/wp-content\/uploads\/2022\/05\/water-meter.png\" class=\"attachment-thumbnail size-thumbnail wp-image-964\" alt=\"\" srcset=\"http:\/\/bienotomasyon.com\/wp-content\/uploads\/2022\/05\/water-meter.png 128w, http:\/\/bienotomasyon.com\/wp-content\/uploads\/2022\/05\/water-meter-10x12.png 10w\" sizes=\"auto, (max-width: 128px) 100vw, 128px\" \/>\t\t\t\t\t\t\t\t\t\t\t<figcaption class=\"widget-image-caption wp-caption-text\">ELECTRIC-GAS-WATER METERS<\/figcaption>\n\t\t\t\t\t\t\t\t\t\t<\/figure>\n\t\t\t\t\t\t\t\t\t<\/div>\n\t\t\t\t<\/div>\n\t\t\t\t<\/div>\n\t\t<div class=\"elementor-element elementor-element-63ef6114 e-con-full e-flex e-con e-parent\" data-id=\"63ef6114\" data-element_type=\"container\" data-settings=\"{&quot;content_width&quot;:&quot;full&quot;}\" data-core-v316-plus=\"true\">\n\t\t\t\t<div class=\"elementor-element elementor-element-30ef67c7 elementor-widget elementor-widget-image\" data-id=\"30ef67c7\" data-element_type=\"widget\" data-widget_type=\"image.default\">\n\t\t\t\t<div class=\"elementor-widget-container\">\n\t\t\t\t\t\t\t\t\t\t\t\t<figure class=\"wp-caption\">\n\t\t\t\t\t\t\t\t\t\t<img loading=\"lazy\" decoding=\"async\" width=\"128\" height=\"150\" src=\"http:\/\/bienotomasyon.com\/wp-content\/uploads\/2022\/05\/generator.png\" class=\"attachment-thumbnail size-thumbnail wp-image-958\" alt=\"\" srcset=\"http:\/\/bienotomasyon.com\/wp-content\/uploads\/2022\/05\/generator.png 128w, http:\/\/bienotomasyon.com\/wp-content\/uploads\/2022\/05\/generator-10x12.png 10w\" sizes=\"auto, (max-width: 128px) 100vw, 128px\" \/>\t\t\t\t\t\t\t\t\t\t\t<figcaption class=\"widget-image-caption wp-caption-text\">GENERATOR<\/figcaption>\n\t\t\t\t\t\t\t\t\t\t<\/figure>\n\t\t\t\t\t\t\t\t\t<\/div>\n\t\t\t\t<\/div>\n\t\t\t\t<\/div>\n\t\t<div class=\"elementor-element elementor-element-23699bba e-con-full e-flex e-con e-parent\" data-id=\"23699bba\" data-element_type=\"container\" data-settings=\"{&quot;content_width&quot;:&quot;full&quot;}\" data-core-v316-plus=\"true\">\n\t\t\t\t<div class=\"elementor-element elementor-element-366adad3 elementor-widget elementor-widget-image\" data-id=\"366adad3\" data-element_type=\"widget\" data-widget_type=\"image.default\">\n\t\t\t\t<div class=\"elementor-widget-container\">\n\t\t\t\t\t\t\t\t\t\t\t\t<figure class=\"wp-caption\">\n\t\t\t\t\t\t\t\t\t\t<img loading=\"lazy\" decoding=\"async\" width=\"128\" height=\"150\" src=\"http:\/\/bienotomasyon.com\/wp-content\/uploads\/2022\/05\/uninterrupted-power-supply1.png\" class=\"attachment-thumbnail size-thumbnail wp-image-963\" alt=\"\" srcset=\"http:\/\/bienotomasyon.com\/wp-content\/uploads\/2022\/05\/uninterrupted-power-supply1.png 128w, http:\/\/bienotomasyon.com\/wp-content\/uploads\/2022\/05\/uninterrupted-power-supply1-10x12.png 10w\" sizes=\"auto, (max-width: 128px) 100vw, 128px\" \/>\t\t\t\t\t\t\t\t\t\t\t<figcaption class=\"widget-image-caption wp-caption-text\">UPS (UNINTERRUPTIBLE POWER SUPPLY)<\/figcaption>\n\t\t\t\t\t\t\t\t\t\t<\/figure>\n\t\t\t\t\t\t\t\t\t<\/div>\n\t\t\t\t<\/div>\n\t\t\t\t<\/div>\n\t\t<div class=\"elementor-element elementor-element-17b91fa7 e-con-full e-flex e-con e-parent\" data-id=\"17b91fa7\" data-element_type=\"container\" data-settings=\"{&quot;content_width&quot;:&quot;full&quot;}\" data-core-v316-plus=\"true\">\n\t\t\t\t<div class=\"elementor-element elementor-element-55c9e416 elementor-widget elementor-widget-image\" data-id=\"55c9e416\" data-element_type=\"widget\" data-widget_type=\"image.default\">\n\t\t\t\t<div class=\"elementor-widget-container\">\n\t\t\t\t\t\t\t\t\t\t\t\t<figure class=\"wp-caption\">\n\t\t\t\t\t\t\t\t\t\t<img loading=\"lazy\" decoding=\"async\" width=\"128\" height=\"150\" src=\"http:\/\/bienotomasyon.com\/wp-content\/uploads\/2022\/05\/transformer.png\" class=\"attachment-thumbnail size-thumbnail wp-image-962\" alt=\"\" srcset=\"http:\/\/bienotomasyon.com\/wp-content\/uploads\/2022\/05\/transformer.png 128w, http:\/\/bienotomasyon.com\/wp-content\/uploads\/2022\/05\/transformer-10x12.png 10w\" sizes=\"auto, (max-width: 128px) 100vw, 128px\" \/>\t\t\t\t\t\t\t\t\t\t\t<figcaption class=\"widget-image-caption wp-caption-text\">TRANSFORMER<\/figcaption>\n\t\t\t\t\t\t\t\t\t\t<\/figure>\n\t\t\t\t\t\t\t\t\t<\/div>\n\t\t\t\t<\/div>\n\t\t\t\t<\/div>\n\t\t<div class=\"elementor-element elementor-element-4f2438db e-con-full e-flex e-con e-parent\" data-id=\"4f2438db\" data-element_type=\"container\" data-settings=\"{&quot;content_width&quot;:&quot;full&quot;}\" data-core-v316-plus=\"true\">\n\t\t\t\t<div class=\"elementor-element elementor-element-5b98b0dc elementor-widget elementor-widget-image\" data-id=\"5b98b0dc\" data-element_type=\"widget\" data-widget_type=\"image.default\">\n\t\t\t\t<div class=\"elementor-widget-container\">\n\t\t\t\t\t\t\t\t\t\t\t\t<figure class=\"wp-caption\">\n\t\t\t\t\t\t\t\t\t\t<img loading=\"lazy\" decoding=\"async\" width=\"128\" height=\"150\" src=\"http:\/\/bienotomasyon.com\/wp-content\/uploads\/2022\/05\/switch.png\" class=\"attachment-thumbnail size-thumbnail wp-image-961\" alt=\"\" srcset=\"http:\/\/bienotomasyon.com\/wp-content\/uploads\/2022\/05\/switch.png 128w, http:\/\/bienotomasyon.com\/wp-content\/uploads\/2022\/05\/switch-10x12.png 10w\" sizes=\"auto, (max-width: 128px) 100vw, 128px\" \/>\t\t\t\t\t\t\t\t\t\t\t<figcaption class=\"widget-image-caption wp-caption-text\">SWITCHGEAR (CELL)<\/figcaption>\n\t\t\t\t\t\t\t\t\t\t<\/figure>\n\t\t\t\t\t\t\t\t\t<\/div>\n\t\t\t\t<\/div>\n\t\t\t\t<\/div>\n\t\t<div class=\"elementor-element elementor-element-1c891443 e-con-full e-flex e-con e-parent\" data-id=\"1c891443\" data-element_type=\"container\" data-settings=\"{&quot;content_width&quot;:&quot;full&quot;}\" data-core-v316-plus=\"true\">\n\t\t\t\t<div class=\"elementor-element elementor-element-2d12895c elementor-widget elementor-widget-image\" data-id=\"2d12895c\" data-element_type=\"widget\" data-widget_type=\"image.default\">\n\t\t\t\t<div class=\"elementor-widget-container\">\n\t\t\t\t\t\t\t\t\t\t\t\t<figure class=\"wp-caption\">\n\t\t\t\t\t\t\t\t\t\t<img loading=\"lazy\" decoding=\"async\" width=\"133\" height=\"150\" src=\"http:\/\/bienotomasyon.com\/wp-content\/uploads\/2022\/05\/settings1.png\" class=\"attachment-thumbnail size-thumbnail wp-image-959\" alt=\"\" srcset=\"http:\/\/bienotomasyon.com\/wp-content\/uploads\/2022\/05\/settings1.png 134w, http:\/\/bienotomasyon.com\/wp-content\/uploads\/2022\/05\/settings1-11x12.png 11w\" sizes=\"auto, (max-width: 133px) 100vw, 133px\" \/>\t\t\t\t\t\t\t\t\t\t\t<figcaption class=\"widget-image-caption wp-caption-text\">COMPENSATION SYSTEM<\/figcaption>\n\t\t\t\t\t\t\t\t\t\t<\/figure>\n\t\t\t\t\t\t\t\t\t<\/div>\n\t\t\t\t<\/div>\n\t\t\t\t<\/div>\n\t\t\t\t\t<\/div>\n\t\t\t\t<\/div>\n\t\t<div class=\"elementor-element elementor-element-455092cf e-flex e-con-boxed e-con e-parent\" data-id=\"455092cf\" data-element_type=\"container\" data-settings=\"{&quot;content_width&quot;:&quot;boxed&quot;}\" data-core-v316-plus=\"true\">\n\t\t\t\t\t<div class=\"e-con-inner\">\n\t\t<div class=\"elementor-element elementor-element-7c4535da e-con-full e-flex e-con e-parent\" data-id=\"7c4535da\" data-element_type=\"container\" data-settings=\"{&quot;content_width&quot;:&quot;full&quot;}\" data-core-v316-plus=\"true\">\n\t\t\t\t<div class=\"elementor-element elementor-element-720ec9f0 elementor-widget elementor-widget-image\" data-id=\"720ec9f0\" data-element_type=\"widget\" data-widget_type=\"image.default\">\n\t\t\t\t<div class=\"elementor-widget-container\">\n\t\t\t\t\t\t\t\t\t\t\t\t<figure class=\"wp-caption\">\n\t\t\t\t\t\t\t\t\t\t<img loading=\"lazy\" decoding=\"async\" width=\"128\" height=\"150\" src=\"http:\/\/bienotomasyon.com\/wp-content\/uploads\/2022\/05\/switch1.png\" class=\"attachment-thumbnail size-thumbnail wp-image-960\" alt=\"\" srcset=\"http:\/\/bienotomasyon.com\/wp-content\/uploads\/2022\/05\/switch1.png 128w, http:\/\/bienotomasyon.com\/wp-content\/uploads\/2022\/05\/switch1-10x12.png 10w\" sizes=\"auto, (max-width: 128px) 100vw, 128px\" \/>\t\t\t\t\t\t\t\t\t\t\t<figcaption class=\"widget-image-caption wp-caption-text\">CONTACT-SWITCH MONITORING<\/figcaption>\n\t\t\t\t\t\t\t\t\t\t<\/figure>\n\t\t\t\t\t\t\t\t\t<\/div>\n\t\t\t\t<\/div>\n\t\t\t\t<\/div>\n\t\t<div class=\"elementor-element elementor-element-6fb4bf44 e-con-full e-flex e-con e-parent\" data-id=\"6fb4bf44\" data-element_type=\"container\" data-settings=\"{&quot;content_width&quot;:&quot;full&quot;}\" data-core-v316-plus=\"true\">\n\t\t\t\t<div class=\"elementor-element elementor-element-438e6723 elementor-widget elementor-widget-image\" data-id=\"438e6723\" data-element_type=\"widget\" data-widget_type=\"image.default\">\n\t\t\t\t<div class=\"elementor-widget-container\">\n\t\t\t\t\t\t\t\t\t\t\t\t<figure class=\"wp-caption\">\n\t\t\t\t\t\t\t\t\t\t<img loading=\"lazy\" decoding=\"async\" width=\"128\" height=\"150\" src=\"http:\/\/bienotomasyon.com\/wp-content\/uploads\/2022\/05\/gauge.png\" class=\"attachment-thumbnail size-thumbnail wp-image-957\" alt=\"\" srcset=\"http:\/\/bienotomasyon.com\/wp-content\/uploads\/2022\/05\/gauge.png 128w, http:\/\/bienotomasyon.com\/wp-content\/uploads\/2022\/05\/gauge-10x12.png 10w\" sizes=\"auto, (max-width: 128px) 100vw, 128px\" \/>\t\t\t\t\t\t\t\t\t\t\t<figcaption class=\"widget-image-caption wp-caption-text\">TEMPERATURE-PRESSURE-FLOW SENSORS<\/figcaption>\n\t\t\t\t\t\t\t\t\t\t<\/figure>\n\t\t\t\t\t\t\t\t\t<\/div>\n\t\t\t\t<\/div>\n\t\t\t\t<\/div>\n\t\t<div class=\"elementor-element elementor-element-52b0a5a6 e-con-full e-flex e-con e-parent\" data-id=\"52b0a5a6\" data-element_type=\"container\" data-settings=\"{&quot;content_width&quot;:&quot;full&quot;}\" data-core-v316-plus=\"true\">\n\t\t\t\t<div class=\"elementor-element elementor-element-fe547bd elementor-widget elementor-widget-image\" data-id=\"fe547bd\" data-element_type=\"widget\" data-widget_type=\"image.default\">\n\t\t\t\t<div class=\"elementor-widget-container\">\n\t\t\t\t\t\t\t\t\t\t\t\t<figure class=\"wp-caption\">\n\t\t\t\t\t\t\t\t\t\t<img loading=\"lazy\" decoding=\"async\" width=\"128\" height=\"150\" src=\"http:\/\/bienotomasyon.com\/wp-content\/uploads\/2022\/05\/oil-tank.png\" class=\"attachment-thumbnail size-thumbnail wp-image-989\" alt=\"\" srcset=\"http:\/\/bienotomasyon.com\/wp-content\/uploads\/2022\/05\/oil-tank.png 128w, http:\/\/bienotomasyon.com\/wp-content\/uploads\/2022\/05\/oil-tank-10x12.png 10w\" sizes=\"auto, (max-width: 128px) 100vw, 128px\" \/>\t\t\t\t\t\t\t\t\t\t\t<figcaption class=\"widget-image-caption wp-caption-text\">FUEL SYSTEMS<\/figcaption>\n\t\t\t\t\t\t\t\t\t\t<\/figure>\n\t\t\t\t\t\t\t\t\t<\/div>\n\t\t\t\t<\/div>\n\t\t\t\t<\/div>\n\t\t\t\t\t<\/div>\n\t\t\t\t<\/div>\n\t\t<div class=\"elementor-element elementor-element-67e832ee e-flex e-con-boxed e-con e-parent\" data-id=\"67e832ee\" data-element_type=\"container\" data-settings=\"{&quot;content_width&quot;:&quot;boxed&quot;}\" data-core-v316-plus=\"true\">\n\t\t\t\t\t<div class=\"e-con-inner\">\n\t\t\t\t<div class=\"elementor-element elementor-element-50cd1471 elementor-arrows-position-inside elementor-pagination-position-outside elementor-widget elementor-widget-image-carousel\" data-id=\"50cd1471\" data-element_type=\"widget\" data-settings=\"{&quot;slides_to_show&quot;:&quot;1&quot;,&quot;navigation&quot;:&quot;both&quot;,&quot;autoplay&quot;:&quot;yes&quot;,&quot;pause_on_hover&quot;:&quot;yes&quot;,&quot;pause_on_interaction&quot;:&quot;yes&quot;,&quot;autoplay_speed&quot;:5000,&quot;infinite&quot;:&quot;yes&quot;,&quot;effect&quot;:&quot;slide&quot;,&quot;speed&quot;:500}\" data-widget_type=\"image-carousel.default\">\n\t\t\t\t<div class=\"elementor-widget-container\">\n\t\t\t<style>\/*! elementor - v3.16.0 - 12-09-2023 *\/\n.elementor-widget-image-carousel .swiper,.elementor-widget-image-carousel .swiper-container{position:static}.elementor-widget-image-carousel .swiper-container .swiper-slide figure,.elementor-widget-image-carousel .swiper .swiper-slide figure{line-height:inherit}.elementor-widget-image-carousel .swiper-slide{text-align:center}.elementor-image-carousel-wrapper:not(.swiper-container-initialized):not(.swiper-initialized) .swiper-slide{max-width:calc(100% \/ var(--e-image-carousel-slides-to-show, 3))}<\/style>\t\t<div class=\"elementor-image-carousel-wrapper swiper-container\" dir=\"ltr\">\n\t\t\t<div class=\"elementor-image-carousel swiper-wrapper swiper-image-stretch\" aria-live=\"off\">\n\t\t\t\t\t\t\t\t<div class=\"swiper-slide\" role=\"group\" aria-roledescription=\"slide\" aria-label=\"1 of 7\"><a data-elementor-open-lightbox=\"yes\" data-elementor-lightbox-slideshow=\"50cd1471\" data-elementor-lightbox-title=\"20210413_093619\" data-e-action-hash=\"#elementor-action%3Aaction%3Dlightbox%26settings%3DeyJpZCI6OTc5LCJ1cmwiOiJodHRwOlwvXC9iaWVub3RvbWFzeW9uLmNvbVwvd3AtY29udGVudFwvdXBsb2Fkc1wvMjAyMlwvMDVcLzIwMjEwNDEzXzA5MzYxOS1zY2FsZWQuanBnIiwic2xpZGVzaG93IjoiNTBjZDE0NzEifQ%3D%3D\" href=\"http:\/\/bienotomasyon.com\/wp-content\/uploads\/2022\/05\/20210413_093619-scaled.jpg\"><figure class=\"swiper-slide-inner\"><img decoding=\"async\" class=\"swiper-slide-image\" src=\"http:\/\/bienotomasyon.com\/wp-content\/uploads\/2022\/05\/20210413_093619-1024x576.jpg\" alt=\"20210413_093619\" \/><\/figure><\/a><\/div><div class=\"swiper-slide\" role=\"group\" aria-roledescription=\"slide\" aria-label=\"2 of 7\"><a data-elementor-open-lightbox=\"yes\" data-elementor-lightbox-slideshow=\"50cd1471\" data-elementor-lightbox-title=\"20210504_092050\" data-e-action-hash=\"#elementor-action%3Aaction%3Dlightbox%26settings%3DeyJpZCI6OTgwLCJ1cmwiOiJodHRwOlwvXC9iaWVub3RvbWFzeW9uLmNvbVwvd3AtY29udGVudFwvdXBsb2Fkc1wvMjAyMlwvMDVcLzIwMjEwNTA0XzA5MjA1MC1zY2FsZWQuanBnIiwic2xpZGVzaG93IjoiNTBjZDE0NzEifQ%3D%3D\" href=\"http:\/\/bienotomasyon.com\/wp-content\/uploads\/2022\/05\/20210504_092050-scaled.jpg\"><figure class=\"swiper-slide-inner\"><img decoding=\"async\" class=\"swiper-slide-image\" src=\"http:\/\/bienotomasyon.com\/wp-content\/uploads\/2022\/05\/20210504_092050-1024x576.jpg\" alt=\"20210504_092050\" \/><\/figure><\/a><\/div><div class=\"swiper-slide\" role=\"group\" aria-roledescription=\"slide\" aria-label=\"3 of 7\"><a data-elementor-open-lightbox=\"yes\" data-elementor-lightbox-slideshow=\"50cd1471\" data-elementor-lightbox-title=\"20210504_092105\" data-e-action-hash=\"#elementor-action%3Aaction%3Dlightbox%26settings%3DeyJpZCI6OTg0LCJ1cmwiOiJodHRwOlwvXC9iaWVub3RvbWFzeW9uLmNvbVwvd3AtY29udGVudFwvdXBsb2Fkc1wvMjAyMlwvMDVcLzIwMjEwNTA0XzA5MjEwNS1zY2FsZWQuanBnIiwic2xpZGVzaG93IjoiNTBjZDE0NzEifQ%3D%3D\" href=\"http:\/\/bienotomasyon.com\/wp-content\/uploads\/2022\/05\/20210504_092105-scaled.jpg\"><figure class=\"swiper-slide-inner\"><img decoding=\"async\" class=\"swiper-slide-image\" src=\"http:\/\/bienotomasyon.com\/wp-content\/uploads\/2022\/05\/20210504_092105-1024x576.jpg\" alt=\"20210504_092105\" \/><\/figure><\/a><\/div><div class=\"swiper-slide\" role=\"group\" aria-roledescription=\"slide\" aria-label=\"4 of 7\"><a data-elementor-open-lightbox=\"yes\" data-elementor-lightbox-slideshow=\"50cd1471\" data-elementor-lightbox-title=\"20210701_180946\" data-e-action-hash=\"#elementor-action%3Aaction%3Dlightbox%26settings%3DeyJpZCI6OTkzLCJ1cmwiOiJodHRwOlwvXC9iaWVub3RvbWFzeW9uLmNvbVwvd3AtY29udGVudFwvdXBsb2Fkc1wvMjAyMlwvMDVcLzIwMjEwNzAxXzE4MDk0Ni1zY2FsZWQuanBnIiwic2xpZGVzaG93IjoiNTBjZDE0NzEifQ%3D%3D\" href=\"http:\/\/bienotomasyon.com\/wp-content\/uploads\/2022\/05\/20210701_180946-scaled.jpg\"><figure class=\"swiper-slide-inner\"><img decoding=\"async\" class=\"swiper-slide-image\" src=\"http:\/\/bienotomasyon.com\/wp-content\/uploads\/2022\/05\/20210701_180946-1024x576.jpg\" alt=\"20210701_180946\" \/><\/figure><\/a><\/div><div class=\"swiper-slide\" role=\"group\" aria-roledescription=\"slide\" aria-label=\"5 of 7\"><a data-elementor-open-lightbox=\"yes\" data-elementor-lightbox-slideshow=\"50cd1471\" data-elementor-lightbox-title=\"20210701_181029\" data-e-action-hash=\"#elementor-action%3Aaction%3Dlightbox%26settings%3DeyJpZCI6OTk0LCJ1cmwiOiJodHRwOlwvXC9iaWVub3RvbWFzeW9uLmNvbVwvd3AtY29udGVudFwvdXBsb2Fkc1wvMjAyMlwvMDVcLzIwMjEwNzAxXzE4MTAyOS1zY2FsZWQuanBnIiwic2xpZGVzaG93IjoiNTBjZDE0NzEifQ%3D%3D\" href=\"http:\/\/bienotomasyon.com\/wp-content\/uploads\/2022\/05\/20210701_181029-scaled.jpg\"><figure class=\"swiper-slide-inner\"><img decoding=\"async\" class=\"swiper-slide-image\" src=\"http:\/\/bienotomasyon.com\/wp-content\/uploads\/2022\/05\/20210701_181029-1024x576.jpg\" alt=\"20210701_181029\" \/><\/figure><\/a><\/div><div class=\"swiper-slide\" role=\"group\" aria-roledescription=\"slide\" aria-label=\"6 of 7\"><a data-elementor-open-lightbox=\"yes\" data-elementor-lightbox-slideshow=\"50cd1471\" data-elementor-lightbox-title=\"20210701_181105\" data-e-action-hash=\"#elementor-action%3Aaction%3Dlightbox%26settings%3DeyJpZCI6OTk1LCJ1cmwiOiJodHRwOlwvXC9iaWVub3RvbWFzeW9uLmNvbVwvd3AtY29udGVudFwvdXBsb2Fkc1wvMjAyMlwvMDVcLzIwMjEwNzAxXzE4MTEwNS1zY2FsZWQuanBnIiwic2xpZGVzaG93IjoiNTBjZDE0NzEifQ%3D%3D\" href=\"http:\/\/bienotomasyon.com\/wp-content\/uploads\/2022\/05\/20210701_181105-scaled.jpg\"><figure class=\"swiper-slide-inner\"><img decoding=\"async\" class=\"swiper-slide-image\" src=\"http:\/\/bienotomasyon.com\/wp-content\/uploads\/2022\/05\/20210701_181105-1024x576.jpg\" alt=\"20210701_181105\" \/><\/figure><\/a><\/div><div class=\"swiper-slide\" role=\"group\" aria-roledescription=\"slide\" aria-label=\"7 of 7\"><a data-elementor-open-lightbox=\"yes\" data-elementor-lightbox-slideshow=\"50cd1471\" data-elementor-lightbox-title=\"20210701_181116\" data-e-action-hash=\"#elementor-action%3Aaction%3Dlightbox%26settings%3DeyJpZCI6OTk2LCJ1cmwiOiJodHRwOlwvXC9iaWVub3RvbWFzeW9uLmNvbVwvd3AtY29udGVudFwvdXBsb2Fkc1wvMjAyMlwvMDVcLzIwMjEwNzAxXzE4MTExNi1zY2FsZWQuanBnIiwic2xpZGVzaG93IjoiNTBjZDE0NzEifQ%3D%3D\" href=\"http:\/\/bienotomasyon.com\/wp-content\/uploads\/2022\/05\/20210701_181116-scaled.jpg\"><figure class=\"swiper-slide-inner\"><img decoding=\"async\" class=\"swiper-slide-image\" src=\"http:\/\/bienotomasyon.com\/wp-content\/uploads\/2022\/05\/20210701_181116-1024x576.jpg\" alt=\"20210701_181116\" \/><\/figure><\/a><\/div>\t\t\t<\/div>\n\t\t\t\t\t\t\t\t\t\t\t\t<div class=\"elementor-swiper-button elementor-swiper-button-prev\" role=\"button\" tabindex=\"0\">\n\t\t\t\t\t\t<svg aria-hidden=\"true\" class=\"e-font-icon-svg e-eicon-chevron-left\" viewbox=\"0 0 1000 1000\" xmlns=\"http:\/\/www.w3.org\/2000\/svg\"><path d=\"M646 125C629 125 613 133 604 142L308 442C296 454 292 471 292 487 292 504 296 521 308 533L604 854C617 867 629 875 646 875 663 875 679 871 692 858 704 846 713 829 713 812 713 796 708 779 692 767L438 487 692 225C700 217 708 204 708 187 708 171 704 154 692 142 675 129 663 125 646 125Z\"><\/path><\/svg>\t\t\t\t\t<\/div>\n\t\t\t\t\t<div class=\"elementor-swiper-button elementor-swiper-button-next\" role=\"button\" tabindex=\"0\">\n\t\t\t\t\t\t<svg aria-hidden=\"true\" class=\"e-font-icon-svg e-eicon-chevron-right\" viewbox=\"0 0 1000 1000\" xmlns=\"http:\/\/www.w3.org\/2000\/svg\"><path d=\"M696 533C708 521 713 504 713 487 713 471 708 454 696 446L400 146C388 133 375 125 354 125 338 125 325 129 313 142 300 154 292 171 292 187 292 204 296 221 308 233L563 492 304 771C292 783 288 800 288 817 288 833 296 850 308 863 321 871 338 875 354 875 371 875 388 867 400 854L696 533Z\"><\/path><\/svg>\t\t\t\t\t<\/div>\n\t\t\t\t\n\t\t\t\t\t\t\t\t\t<div class=\"swiper-pagination\"><\/div>\n\t\t\t\t\t\t\t\t\t<\/div>\n\t\t\t\t<\/div>\n\t\t\t\t<\/div>\n\t\t\t\t\t<\/div>\n\t\t\t\t<\/div>\n\t\t\t\t\t\t\t<\/div>","protected":false},"excerpt":{"rendered":"<p>ENERJ\u0130 OTOMASYONU D\u00fcnyada enerji maliyetlerinin g\u00fcn ge\u00e7tik\u00e7e y\u00fckselmesi nedeniyle enerjinin verimli kullan\u0131lmas\u0131, giderek daha fazla \u00f6nem kazanmaya ba\u015fl\u0131yor. Enerjinin verimli \u015fekilde kullan\u0131lmas\u0131 \u00e7evrenin korunmas\u0131na fayda sa\u011flad\u0131\u011f\u0131 gibi, i\u015fletmelerin karl\u0131l\u0131k oranlar\u0131n\u0131 artt\u0131rmaktad\u0131r. Sekt\u00f6re g\u00f6re de\u011fi\u015fmekle birlikte, i\u015fletme b\u00fct\u00e7esinin %10-50 enerji maliyetleri<\/p>","protected":false},"author":1,"featured_media":0,"parent":0,"menu_order":0,"comment_status":"closed","ping_status":"closed","template":"","meta":{"footnotes":""},"class_list":["post-938","page","type-page","status-publish","hentry"],"_links":{"self":[{"href":"http:\/\/bienotomasyon.com\/en\/wp-json\/wp\/v2\/pages\/938","targetHints":{"allow":["GET"]}}],"collection":[{"href":"http:\/\/bienotomasyon.com\/en\/wp-json\/wp\/v2\/pages"}],"about":[{"href":"http:\/\/bienotomasyon.com\/en\/wp-json\/wp\/v2\/types\/page"}],"author":[{"embeddable":true,"href":"http:\/\/bienotomasyon.com\/en\/wp-json\/wp\/v2\/users\/1"}],"replies":[{"embeddable":true,"href":"http:\/\/bienotomasyon.com\/en\/wp-json\/wp\/v2\/comments?post=938"}],"version-history":[{"count":50,"href":"http:\/\/bienotomasyon.com\/en\/wp-json\/wp\/v2\/pages\/938\/revisions"}],"predecessor-version":[{"id":1048,"href":"http:\/\/bienotomasyon.com\/en\/wp-json\/wp\/v2\/pages\/938\/revisions\/1048"}],"wp:attachment":[{"href":"http:\/\/bienotomasyon.com\/en\/wp-json\/wp\/v2\/media?parent=938"}],"curies":[{"name":"wp","href":"https:\/\/api.w.org\/{rel}","templated":true}]}}