{"id":723,"date":"2022-03-27T00:44:29","date_gmt":"2022-03-26T21:44:29","guid":{"rendered":"http:\/\/bienotomasyon.com\/?page_id=723"},"modified":"2023-09-12T22:05:41","modified_gmt":"2023-09-12T19:05:41","slug":"mechanicalautomation","status":"publish","type":"page","link":"http:\/\/bienotomasyon.com\/en\/mechanicalautomation\/","title":{"rendered":"Mechanical Automation"},"content":{"rendered":"<div data-elementor-type=\"wp-post\" data-elementor-id=\"723\" class=\"elementor elementor-723\">\n\t\t\t\t\t\t\t<div class=\"elementor-element elementor-element-bd413e6 e-flex e-con-boxed e-con e-parent\" data-id=\"bd413e6\" data-element_type=\"container\" data-settings=\"{&quot;content_width&quot;:&quot;boxed&quot;}\" data-core-v316-plus=\"true\">\n\t\t\t\t\t<div class=\"e-con-inner\">\n\t\t\t\t<div class=\"elementor-element elementor-element-9cf0f34 elementor-widget elementor-widget-text-editor\" data-id=\"9cf0f34\" data-element_type=\"widget\" data-widget_type=\"text-editor.default\">\n\t\t\t\t<div class=\"elementor-widget-container\">\n\t\t\t<style>\/*! elementor - v3.16.0 - 12-09-2023 *\/\n.elementor-widget-text-editor.elementor-drop-cap-view-stacked .elementor-drop-cap{background-color:#69727d;color:#fff}.elementor-widget-text-editor.elementor-drop-cap-view-framed .elementor-drop-cap{color:#69727d;border:3px solid;background-color:transparent}.elementor-widget-text-editor:not(.elementor-drop-cap-view-default) .elementor-drop-cap{margin-top:8px}.elementor-widget-text-editor:not(.elementor-drop-cap-view-default) .elementor-drop-cap-letter{width:1em;height:1em}.elementor-widget-text-editor .elementor-drop-cap{float:left;text-align:center;line-height:1;font-size:50px}.elementor-widget-text-editor .elementor-drop-cap-letter{display:inline-block}<\/style>\t\t\t\t<h6>\u00a0<\/h6><h2 style=\"text-align: center;\"><span style=\"color: #000000;\"><strong>MECHANICAL AUTOMATION<\/strong><\/span><\/h2>\t\t\t\t\t\t<\/div>\n\t\t\t\t<\/div>\n\t\t\t\t\t<\/div>\n\t\t\t\t<\/div>\n\t\t<div class=\"elementor-element elementor-element-ea847de e-flex e-con-boxed e-con e-parent\" data-id=\"ea847de\" data-element_type=\"container\" data-settings=\"{&quot;content_width&quot;:&quot;boxed&quot;}\" data-core-v316-plus=\"true\">\n\t\t\t\t\t<div class=\"e-con-inner\">\n\t\t\t\t<div class=\"elementor-element elementor-element-39ec1fe elementor-widget elementor-widget-text-editor\" data-id=\"39ec1fe\" data-element_type=\"widget\" data-widget_type=\"text-editor.default\">\n\t\t\t\t<div class=\"elementor-widget-container\">\n\t\t\t\t\t\t\t<p><b>Binalarda mekanik otomasyon daha bilinen ad\u0131 ile HVAC (Heating-Ventilating-Air Condiotining) otomasyonu \u0131s\u0131tma, so\u011futma ve havaland\u0131rma sistemlerinin bilgisayarl\u0131 kontrol\u00fc ile minimum insan g\u00fcc\u00fc kullan\u0131larak, maksimum konfor ve enerji tasarrufunu sa\u011flamaktad\u0131r. Ticari binalarda enerji t\u00fcketiminin b\u00fcy\u00fck k\u0131s\u0131m\u0131 HVAC sistemlerinde t\u00fcketilir. Bu oran sekt\u00f6re g\u00f6re de\u011fi\u015fmekle beraber %25-60 aras\u0131ndad\u0131r. G\u00fcn\u00fcm\u00fczde enerji maliyetlerinin y\u00fckselmesi ile beraber mekanik otomasyon bir opsiyon de\u011fil zorunluluk haline gelmi\u015ftir.<br \/><\/b><\/p><p><b> The mechanical automation system provides the control, monitoring, reporting and trend creation of the following equipment from the central computer or tablet. \u00a0 <\/b><\/p>\t\t\t\t\t\t<\/div>\n\t\t\t\t<\/div>\n\t\t\t\t\t<\/div>\n\t\t\t\t<\/div>\n\t\t<div class=\"elementor-element elementor-element-81f1a23 e-flex e-con-boxed e-con e-parent\" data-id=\"81f1a23\" data-element_type=\"container\" data-settings=\"{&quot;content_width&quot;:&quot;boxed&quot;}\" data-core-v316-plus=\"true\">\n\t\t\t\t\t<div class=\"e-con-inner\">\n\t\t<div class=\"elementor-element elementor-element-0545394 e-con-full e-flex e-con e-child\" data-id=\"0545394\" data-element_type=\"container\" data-settings=\"{&quot;content_width&quot;:&quot;full&quot;}\">\n\t\t\t\t<div class=\"elementor-element elementor-element-b9c882e elementor-widget elementor-widget-image\" data-id=\"b9c882e\" data-element_type=\"widget\" data-widget_type=\"image.default\">\n\t\t\t\t<div class=\"elementor-widget-container\">\n\t\t\t<style>\/*! elementor - v3.16.0 - 12-09-2023 *\/\n.elementor-widget-image{text-align:center}.elementor-widget-image a{display:inline-block}.elementor-widget-image a img[src$=\".svg\"]{width:48px}.elementor-widget-image img{vertical-align:middle;display:inline-block}<\/style>\t\t\t\t\t\t\t\t\t<figure class=\"wp-caption\">\n\t\t\t\t\t\t\t\t\t\t<img decoding=\"async\" src=\"http:\/\/bienotomasyon.com\/wp-content\/uploads\/elementor\/thumbs\/KLIMASANTRAL2-pphz1u83o1150kiawx59dxvh2zg8ley32hjcefc82k.png\" title=\"Air Handling Unit\" alt=\"Klima Santrali\" loading=\"lazy\" \/>\t\t\t\t\t\t\t\t\t\t\t<figcaption class=\"widget-image-caption wp-caption-text\">AIR HANDLING UNITS<\/figcaption>\n\t\t\t\t\t\t\t\t\t\t<\/figure>\n\t\t\t\t\t\t\t\t\t<\/div>\n\t\t\t\t<\/div>\n\t\t\t\t<\/div>\n\t\t<div class=\"elementor-element elementor-element-61df8f3 e-con-full e-flex e-con e-child\" data-id=\"61df8f3\" data-element_type=\"container\" data-settings=\"{&quot;content_width&quot;:&quot;full&quot;}\">\n\t\t\t\t<div class=\"elementor-element elementor-element-e850080 elementor-widget elementor-widget-image\" data-id=\"e850080\" data-element_type=\"widget\" data-widget_type=\"image.default\">\n\t\t\t\t<div class=\"elementor-widget-container\">\n\t\t\t\t\t\t\t\t\t\t\t\t<figure class=\"wp-caption\">\n\t\t\t\t\t\t\t\t\t\t<img loading=\"lazy\" decoding=\"async\" width=\"128\" height=\"150\" src=\"http:\/\/bienotomasyon.com\/wp-content\/uploads\/2022\/05\/FAN-1-128x150.png\" class=\"attachment-thumbnail size-thumbnail wp-image-815\" alt=\"\" srcset=\"http:\/\/bienotomasyon.com\/wp-content\/uploads\/2022\/05\/FAN-1-128x150.png 128w, http:\/\/bienotomasyon.com\/wp-content\/uploads\/2022\/05\/FAN-1-10x12.png 10w\" sizes=\"auto, (max-width: 128px) 100vw, 128px\" \/>\t\t\t\t\t\t\t\t\t\t\t<figcaption class=\"widget-image-caption wp-caption-text\">EXHAUST FANS<\/figcaption>\n\t\t\t\t\t\t\t\t\t\t<\/figure>\n\t\t\t\t\t\t\t\t\t<\/div>\n\t\t\t\t<\/div>\n\t\t\t\t<\/div>\n\t\t<div class=\"elementor-element elementor-element-f3833a6 e-con-full e-flex e-con e-child\" data-id=\"f3833a6\" data-element_type=\"container\" data-settings=\"{&quot;content_width&quot;:&quot;full&quot;}\">\n\t\t\t\t<div class=\"elementor-element elementor-element-5998a14 elementor-widget elementor-widget-image\" data-id=\"5998a14\" data-element_type=\"widget\" data-widget_type=\"image.default\">\n\t\t\t\t<div class=\"elementor-widget-container\">\n\t\t\t\t\t\t\t\t\t\t\t\t<figure class=\"wp-caption\">\n\t\t\t\t\t\t\t\t\t\t<img loading=\"lazy\" decoding=\"async\" width=\"128\" height=\"150\" src=\"http:\/\/bienotomasyon.com\/wp-content\/uploads\/2022\/05\/YYANGINFAN2.png\" class=\"attachment-thumbnail size-thumbnail wp-image-859\" alt=\"\" srcset=\"http:\/\/bienotomasyon.com\/wp-content\/uploads\/2022\/05\/YYANGINFAN2.png 128w, http:\/\/bienotomasyon.com\/wp-content\/uploads\/2022\/05\/YYANGINFAN2-10x12.png 10w\" sizes=\"auto, (max-width: 128px) 100vw, 128px\" \/>\t\t\t\t\t\t\t\t\t\t\t<figcaption class=\"widget-image-caption wp-caption-text\">FIRE FANS (SMOKE-PRESSURIZATION)<\/figcaption>\n\t\t\t\t\t\t\t\t\t\t<\/figure>\n\t\t\t\t\t\t\t\t\t<\/div>\n\t\t\t\t<\/div>\n\t\t\t\t<\/div>\n\t\t<div class=\"elementor-element elementor-element-f3b58c4 e-con-full e-flex e-con e-child\" data-id=\"f3b58c4\" data-element_type=\"container\" data-settings=\"{&quot;content_width&quot;:&quot;full&quot;}\">\n\t\t\t\t<div class=\"elementor-element elementor-element-60ae6b8 elementor-widget elementor-widget-image\" data-id=\"60ae6b8\" data-element_type=\"widget\" data-widget_type=\"image.default\">\n\t\t\t\t<div class=\"elementor-widget-container\">\n\t\t\t\t\t\t\t\t\t\t\t\t<figure class=\"wp-caption\">\n\t\t\t\t\t\t\t\t\t\t<img loading=\"lazy\" decoding=\"async\" width=\"128\" height=\"150\" src=\"http:\/\/bienotomasyon.com\/wp-content\/uploads\/2022\/05\/SOGUTMA.png\" class=\"attachment-large size-large wp-image-818\" alt=\"\" srcset=\"http:\/\/bienotomasyon.com\/wp-content\/uploads\/2022\/05\/SOGUTMA.png 128w, http:\/\/bienotomasyon.com\/wp-content\/uploads\/2022\/05\/SOGUTMA-10x12.png 10w\" sizes=\"auto, (max-width: 128px) 100vw, 128px\" \/>\t\t\t\t\t\t\t\t\t\t\t<figcaption class=\"widget-image-caption wp-caption-text\">COOLING SYSTEM<\/figcaption>\n\t\t\t\t\t\t\t\t\t\t<\/figure>\n\t\t\t\t\t\t\t\t\t<\/div>\n\t\t\t\t<\/div>\n\t\t\t\t<\/div>\n\t\t<div class=\"elementor-element elementor-element-ba61244 e-con-full e-flex e-con e-child\" data-id=\"ba61244\" data-element_type=\"container\" data-settings=\"{&quot;content_width&quot;:&quot;full&quot;}\">\n\t\t\t\t<div class=\"elementor-element elementor-element-858bb3d elementor-widget elementor-widget-image\" data-id=\"858bb3d\" data-element_type=\"widget\" data-widget_type=\"image.default\">\n\t\t\t\t<div class=\"elementor-widget-container\">\n\t\t\t\t\t\t\t\t\t\t\t\t<figure class=\"wp-caption\">\n\t\t\t\t\t\t\t\t\t\t<img loading=\"lazy\" decoding=\"async\" width=\"128\" height=\"150\" src=\"http:\/\/bienotomasyon.com\/wp-content\/uploads\/2022\/05\/YISITMA.png\" class=\"attachment-thumbnail size-thumbnail wp-image-861\" alt=\"\" srcset=\"http:\/\/bienotomasyon.com\/wp-content\/uploads\/2022\/05\/YISITMA.png 128w, http:\/\/bienotomasyon.com\/wp-content\/uploads\/2022\/05\/YISITMA-10x12.png 10w\" sizes=\"auto, (max-width: 128px) 100vw, 128px\" \/>\t\t\t\t\t\t\t\t\t\t\t<figcaption class=\"widget-image-caption wp-caption-text\">HEATING SYSTEM<\/figcaption>\n\t\t\t\t\t\t\t\t\t\t<\/figure>\n\t\t\t\t\t\t\t\t\t<\/div>\n\t\t\t\t<\/div>\n\t\t\t\t<\/div>\n\t\t<div class=\"elementor-element elementor-element-a13667a e-con-full e-flex e-con e-child\" data-id=\"a13667a\" data-element_type=\"container\" data-settings=\"{&quot;content_width&quot;:&quot;full&quot;}\">\n\t\t\t\t<div class=\"elementor-element elementor-element-da8016c elementor-widget elementor-widget-image\" data-id=\"da8016c\" data-element_type=\"widget\" data-widget_type=\"image.default\">\n\t\t\t\t<div class=\"elementor-widget-container\">\n\t\t\t\t\t\t\t\t\t\t\t\t<figure class=\"wp-caption\">\n\t\t\t\t\t\t\t\t\t\t<img loading=\"lazy\" decoding=\"async\" width=\"128\" height=\"150\" src=\"http:\/\/bienotomasyon.com\/wp-content\/uploads\/2022\/05\/YSIRKULASYON.png\" class=\"attachment-thumbnail size-thumbnail wp-image-860\" alt=\"\" srcset=\"http:\/\/bienotomasyon.com\/wp-content\/uploads\/2022\/05\/YSIRKULASYON.png 128w, http:\/\/bienotomasyon.com\/wp-content\/uploads\/2022\/05\/YSIRKULASYON-10x12.png 10w\" sizes=\"auto, (max-width: 128px) 100vw, 128px\" \/>\t\t\t\t\t\t\t\t\t\t\t<figcaption class=\"widget-image-caption wp-caption-text\">CIRCULATION PUMPS<\/figcaption>\n\t\t\t\t\t\t\t\t\t\t<\/figure>\n\t\t\t\t\t\t\t\t\t<\/div>\n\t\t\t\t<\/div>\n\t\t\t\t<\/div>\n\t\t\t\t\t<\/div>\n\t\t\t\t<\/div>\n\t\t<div class=\"elementor-element elementor-element-5d49920 e-flex e-con-boxed e-con e-parent\" data-id=\"5d49920\" data-element_type=\"container\" data-settings=\"{&quot;content_width&quot;:&quot;boxed&quot;}\" data-core-v316-plus=\"true\">\n\t\t\t\t\t<div class=\"e-con-inner\">\n\t\t<div class=\"elementor-element elementor-element-04606bc e-con-full e-flex e-con e-child\" data-id=\"04606bc\" data-element_type=\"container\" data-settings=\"{&quot;content_width&quot;:&quot;full&quot;}\">\n\t\t\t\t<div class=\"elementor-element elementor-element-a767974 elementor-widget elementor-widget-image\" data-id=\"a767974\" data-element_type=\"widget\" data-widget_type=\"image.default\">\n\t\t\t\t<div class=\"elementor-widget-container\">\n\t\t\t\t\t\t\t\t\t\t\t\t<figure class=\"wp-caption\">\n\t\t\t\t\t\t\t\t\t\t<img loading=\"lazy\" decoding=\"async\" width=\"128\" height=\"150\" src=\"http:\/\/bienotomasyon.com\/wp-content\/uploads\/2022\/05\/HOTWATER1.png\" class=\"attachment-thumbnail size-thumbnail wp-image-826\" alt=\"\" srcset=\"http:\/\/bienotomasyon.com\/wp-content\/uploads\/2022\/05\/HOTWATER1.png 128w, http:\/\/bienotomasyon.com\/wp-content\/uploads\/2022\/05\/HOTWATER1-10x12.png 10w\" sizes=\"auto, (max-width: 128px) 100vw, 128px\" \/>\t\t\t\t\t\t\t\t\t\t\t<figcaption class=\"widget-image-caption wp-caption-text\">HOT WATER SYSTEM<\/figcaption>\n\t\t\t\t\t\t\t\t\t\t<\/figure>\n\t\t\t\t\t\t\t\t\t<\/div>\n\t\t\t\t<\/div>\n\t\t\t\t<\/div>\n\t\t<div class=\"elementor-element elementor-element-a7e000d e-con-full e-flex e-con e-child\" data-id=\"a7e000d\" data-element_type=\"container\" data-settings=\"{&quot;content_width&quot;:&quot;full&quot;}\">\n\t\t\t\t<div class=\"elementor-element elementor-element-2b6a633 elementor-widget elementor-widget-image\" data-id=\"2b6a633\" data-element_type=\"widget\" data-widget_type=\"image.default\">\n\t\t\t\t<div class=\"elementor-widget-container\">\n\t\t\t\t\t\t\t\t\t\t\t\t<figure class=\"wp-caption\">\n\t\t\t\t\t\t\t\t\t\t<img loading=\"lazy\" decoding=\"async\" width=\"128\" height=\"150\" src=\"http:\/\/bienotomasyon.com\/wp-content\/uploads\/2022\/05\/ESANJOR2.png\" class=\"attachment-thumbnail size-thumbnail wp-image-838\" alt=\"\" srcset=\"http:\/\/bienotomasyon.com\/wp-content\/uploads\/2022\/05\/ESANJOR2.png 128w, http:\/\/bienotomasyon.com\/wp-content\/uploads\/2022\/05\/ESANJOR2-10x12.png 10w\" sizes=\"auto, (max-width: 128px) 100vw, 128px\" \/>\t\t\t\t\t\t\t\t\t\t\t<figcaption class=\"widget-image-caption wp-caption-text\">EXCHANGER<\/figcaption>\n\t\t\t\t\t\t\t\t\t\t<\/figure>\n\t\t\t\t\t\t\t\t\t<\/div>\n\t\t\t\t<\/div>\n\t\t\t\t<\/div>\n\t\t<div class=\"elementor-element elementor-element-8627867 e-con-full e-flex e-con e-child\" data-id=\"8627867\" data-element_type=\"container\" data-settings=\"{&quot;content_width&quot;:&quot;full&quot;}\">\n\t\t\t\t<div class=\"elementor-element elementor-element-e2ab3c0 elementor-widget elementor-widget-image\" data-id=\"e2ab3c0\" data-element_type=\"widget\" data-widget_type=\"image.default\">\n\t\t\t\t<div class=\"elementor-widget-container\">\n\t\t\t\t\t\t\t\t\t\t\t\t<figure class=\"wp-caption\">\n\t\t\t\t\t\t\t\t\t\t<img loading=\"lazy\" decoding=\"async\" width=\"128\" height=\"150\" src=\"http:\/\/bienotomasyon.com\/wp-content\/uploads\/2022\/05\/water-pump.png\" class=\"attachment-large size-large wp-image-830\" alt=\"\" srcset=\"http:\/\/bienotomasyon.com\/wp-content\/uploads\/2022\/05\/water-pump.png 128w, http:\/\/bienotomasyon.com\/wp-content\/uploads\/2022\/05\/water-pump-10x12.png 10w\" sizes=\"auto, (max-width: 128px) 100vw, 128px\" \/>\t\t\t\t\t\t\t\t\t\t\t<figcaption class=\"widget-image-caption wp-caption-text\">HYDRAULIC (CLEAN WATER-FIRE)<\/figcaption>\n\t\t\t\t\t\t\t\t\t\t<\/figure>\n\t\t\t\t\t\t\t\t\t<\/div>\n\t\t\t\t<\/div>\n\t\t\t\t<\/div>\n\t\t<div class=\"elementor-element elementor-element-7386c28 e-con-full e-flex e-con e-child\" data-id=\"7386c28\" data-element_type=\"container\" data-settings=\"{&quot;content_width&quot;:&quot;full&quot;}\">\n\t\t\t\t<div class=\"elementor-element elementor-element-71c4370 elementor-widget elementor-widget-image\" data-id=\"71c4370\" data-element_type=\"widget\" data-widget_type=\"image.default\">\n\t\t\t\t<div class=\"elementor-widget-container\">\n\t\t\t\t\t\t\t\t\t\t\t\t<figure class=\"wp-caption\">\n\t\t\t\t\t\t\t\t\t\t<img loading=\"lazy\" decoding=\"async\" width=\"128\" height=\"150\" src=\"http:\/\/bienotomasyon.com\/wp-content\/uploads\/2022\/05\/YFCU1.png\" class=\"attachment-thumbnail size-thumbnail wp-image-854\" alt=\"\" srcset=\"http:\/\/bienotomasyon.com\/wp-content\/uploads\/2022\/05\/YFCU1.png 128w, http:\/\/bienotomasyon.com\/wp-content\/uploads\/2022\/05\/YFCU1-10x12.png 10w\" sizes=\"auto, (max-width: 128px) 100vw, 128px\" \/>\t\t\t\t\t\t\t\t\t\t\t<figcaption class=\"widget-image-caption wp-caption-text\">FANCOIL<\/figcaption>\n\t\t\t\t\t\t\t\t\t\t<\/figure>\n\t\t\t\t\t\t\t\t\t<\/div>\n\t\t\t\t<\/div>\n\t\t\t\t<\/div>\n\t\t<div class=\"elementor-element elementor-element-d96990e e-con-full e-flex e-con e-child\" data-id=\"d96990e\" data-element_type=\"container\" data-settings=\"{&quot;content_width&quot;:&quot;full&quot;}\">\n\t\t\t\t<div class=\"elementor-element elementor-element-657d1e7 elementor-widget elementor-widget-image\" data-id=\"657d1e7\" data-element_type=\"widget\" data-widget_type=\"image.default\">\n\t\t\t\t<div class=\"elementor-widget-container\">\n\t\t\t\t\t\t\t\t\t\t\t\t<figure class=\"wp-caption\">\n\t\t\t\t\t\t\t\t\t\t<img loading=\"lazy\" decoding=\"async\" width=\"128\" height=\"150\" src=\"http:\/\/bienotomasyon.com\/wp-content\/uploads\/2022\/05\/VRF3.png\" class=\"attachment-thumbnail size-thumbnail wp-image-849\" alt=\"\" srcset=\"http:\/\/bienotomasyon.com\/wp-content\/uploads\/2022\/05\/VRF3.png 128w, http:\/\/bienotomasyon.com\/wp-content\/uploads\/2022\/05\/VRF3-10x12.png 10w\" sizes=\"auto, (max-width: 128px) 100vw, 128px\" \/>\t\t\t\t\t\t\t\t\t\t\t<figcaption class=\"widget-image-caption wp-caption-text\">VRV SYSTEM<\/figcaption>\n\t\t\t\t\t\t\t\t\t\t<\/figure>\n\t\t\t\t\t\t\t\t\t<\/div>\n\t\t\t\t<\/div>\n\t\t\t\t<\/div>\n\t\t<div class=\"elementor-element elementor-element-30742ed e-con-full e-flex e-con e-child\" data-id=\"30742ed\" data-element_type=\"container\" data-settings=\"{&quot;content_width&quot;:&quot;full&quot;}\">\n\t\t\t\t<div class=\"elementor-element elementor-element-6cd3b52 elementor-widget elementor-widget-image\" data-id=\"6cd3b52\" data-element_type=\"widget\" data-widget_type=\"image.default\">\n\t\t\t\t<div class=\"elementor-widget-container\">\n\t\t\t\t\t\t\t\t\t\t\t\t<figure class=\"wp-caption\">\n\t\t\t\t\t\t\t\t\t\t<img loading=\"lazy\" decoding=\"async\" width=\"128\" height=\"150\" src=\"http:\/\/bienotomasyon.com\/wp-content\/uploads\/2022\/05\/YERDENISITMA2.png\" class=\"attachment-large size-large wp-image-855\" alt=\"\" srcset=\"http:\/\/bienotomasyon.com\/wp-content\/uploads\/2022\/05\/YERDENISITMA2.png 128w, http:\/\/bienotomasyon.com\/wp-content\/uploads\/2022\/05\/YERDENISITMA2-10x12.png 10w\" sizes=\"auto, (max-width: 128px) 100vw, 128px\" \/>\t\t\t\t\t\t\t\t\t\t\t<figcaption class=\"widget-image-caption wp-caption-text\">FLOOR HEATING<\/figcaption>\n\t\t\t\t\t\t\t\t\t\t<\/figure>\n\t\t\t\t\t\t\t\t\t<\/div>\n\t\t\t\t<\/div>\n\t\t\t\t<\/div>\n\t\t\t\t\t<\/div>\n\t\t\t\t<\/div>\n\t\t<div class=\"elementor-element elementor-element-d4bc543 e-flex e-con-boxed e-con e-parent\" data-id=\"d4bc543\" data-element_type=\"container\" data-settings=\"{&quot;content_width&quot;:&quot;boxed&quot;}\" data-core-v316-plus=\"true\">\n\t\t\t\t\t<div class=\"e-con-inner\">\n\t\t<div class=\"elementor-element elementor-element-b34a6b9 e-con-full e-flex e-con e-child\" data-id=\"b34a6b9\" data-element_type=\"container\" data-settings=\"{&quot;content_width&quot;:&quot;full&quot;}\">\n\t\t\t\t<div class=\"elementor-element elementor-element-658e8b2 elementor-widget elementor-widget-image\" data-id=\"658e8b2\" data-element_type=\"widget\" data-widget_type=\"image.default\">\n\t\t\t\t<div class=\"elementor-widget-container\">\n\t\t\t\t\t\t\t\t\t\t\t\t<figure class=\"wp-caption\">\n\t\t\t\t\t\t\t\t\t\t<img loading=\"lazy\" decoding=\"async\" width=\"128\" height=\"150\" src=\"http:\/\/bienotomasyon.com\/wp-content\/uploads\/2022\/05\/YVAV2.png\" class=\"attachment-large size-large wp-image-868\" alt=\"\" srcset=\"http:\/\/bienotomasyon.com\/wp-content\/uploads\/2022\/05\/YVAV2.png 128w, http:\/\/bienotomasyon.com\/wp-content\/uploads\/2022\/05\/YVAV2-10x12.png 10w\" sizes=\"auto, (max-width: 128px) 100vw, 128px\" \/>\t\t\t\t\t\t\t\t\t\t\t<figcaption class=\"widget-image-caption wp-caption-text\">VAV-CAV<\/figcaption>\n\t\t\t\t\t\t\t\t\t\t<\/figure>\n\t\t\t\t\t\t\t\t\t<\/div>\n\t\t\t\t<\/div>\n\t\t\t\t<\/div>\n\t\t<div class=\"elementor-element elementor-element-46ef929 e-con-full e-flex e-con e-child\" data-id=\"46ef929\" data-element_type=\"container\" data-settings=\"{&quot;content_width&quot;:&quot;full&quot;}\">\n\t\t\t\t<div class=\"elementor-element elementor-element-e95d639 elementor-widget elementor-widget-image\" data-id=\"e95d639\" data-element_type=\"widget\" data-widget_type=\"image.default\">\n\t\t\t\t<div class=\"elementor-widget-container\">\n\t\t\t\t\t\t\t\t\t\t\t\t<figure class=\"wp-caption\">\n\t\t\t\t\t\t\t\t\t\t<img loading=\"lazy\" decoding=\"async\" width=\"128\" height=\"150\" src=\"http:\/\/bienotomasyon.com\/wp-content\/uploads\/2022\/05\/Depo2.png\" class=\"attachment-thumbnail size-thumbnail wp-image-866\" alt=\"\" srcset=\"http:\/\/bienotomasyon.com\/wp-content\/uploads\/2022\/05\/Depo2.png 128w, http:\/\/bienotomasyon.com\/wp-content\/uploads\/2022\/05\/Depo2-10x12.png 10w\" sizes=\"auto, (max-width: 128px) 100vw, 128px\" \/>\t\t\t\t\t\t\t\t\t\t\t<figcaption class=\"widget-image-caption wp-caption-text\">WATER TANK MONITORING<\/figcaption>\n\t\t\t\t\t\t\t\t\t\t<\/figure>\n\t\t\t\t\t\t\t\t\t<\/div>\n\t\t\t\t<\/div>\n\t\t\t\t<\/div>\n\t\t<div class=\"elementor-element elementor-element-4897095 e-con-full e-flex e-con e-child\" data-id=\"4897095\" data-element_type=\"container\" data-settings=\"{&quot;content_width&quot;:&quot;full&quot;}\">\n\t\t\t\t<div class=\"elementor-element elementor-element-8114d42 elementor-widget elementor-widget-image\" data-id=\"8114d42\" data-element_type=\"widget\" data-widget_type=\"image.default\">\n\t\t\t\t<div class=\"elementor-widget-container\">\n\t\t\t\t\t\t\t\t\t\t\t\t<figure class=\"wp-caption\">\n\t\t\t\t\t\t\t\t\t\t<img loading=\"lazy\" decoding=\"async\" width=\"128\" height=\"150\" src=\"http:\/\/bienotomasyon.com\/wp-content\/uploads\/2022\/05\/NEMLENDIRICI.png\" class=\"attachment-thumbnail size-thumbnail wp-image-908\" alt=\"\" srcset=\"http:\/\/bienotomasyon.com\/wp-content\/uploads\/2022\/05\/NEMLENDIRICI.png 128w, http:\/\/bienotomasyon.com\/wp-content\/uploads\/2022\/05\/NEMLENDIRICI-10x12.png 10w\" sizes=\"auto, (max-width: 128px) 100vw, 128px\" \/>\t\t\t\t\t\t\t\t\t\t\t<figcaption class=\"widget-image-caption wp-caption-text\">MOISTURIZER<\/figcaption>\n\t\t\t\t\t\t\t\t\t\t<\/figure>\n\t\t\t\t\t\t\t\t\t<\/div>\n\t\t\t\t<\/div>\n\t\t\t\t<\/div>\n\t\t\t\t\t<\/div>\n\t\t\t\t<\/div>\n\t\t<div class=\"elementor-element elementor-element-016dc51 e-flex e-con-boxed e-con e-parent\" data-id=\"016dc51\" data-element_type=\"container\" data-settings=\"{&quot;content_width&quot;:&quot;boxed&quot;}\" data-core-v316-plus=\"true\">\n\t\t\t\t\t<div class=\"e-con-inner\">\n\t\t\t\t\t<\/div>\n\t\t\t\t<\/div>\n\t\t\t\t\t\t\t<\/div>","protected":false},"excerpt":{"rendered":"<p>\u00a0 MECHANICAL AUTOMATION Mechanical automation in buildings, better known as HVAC (Heating-Ventilating-Air Conditioning) automation, provides maximum comfort and energy savings by using minimum human power through computerized control of heating, cooling and ventilation systems. In commercial buildings, most of the energy consumption is in HVAC systems.<\/p>","protected":false},"author":1,"featured_media":0,"parent":0,"menu_order":0,"comment_status":"closed","ping_status":"closed","template":"page-templates\/page-builder.php","meta":{"footnotes":""},"class_list":["post-723","page","type-page","status-publish","hentry"],"_links":{"self":[{"href":"http:\/\/bienotomasyon.com\/en\/wp-json\/wp\/v2\/pages\/723","targetHints":{"allow":["GET"]}}],"collection":[{"href":"http:\/\/bienotomasyon.com\/en\/wp-json\/wp\/v2\/pages"}],"about":[{"href":"http:\/\/bienotomasyon.com\/en\/wp-json\/wp\/v2\/types\/page"}],"author":[{"embeddable":true,"href":"http:\/\/bienotomasyon.com\/en\/wp-json\/wp\/v2\/users\/1"}],"replies":[{"embeddable":true,"href":"http:\/\/bienotomasyon.com\/en\/wp-json\/wp\/v2\/comments?post=723"}],"version-history":[{"count":141,"href":"http:\/\/bienotomasyon.com\/en\/wp-json\/wp\/v2\/pages\/723\/revisions"}],"predecessor-version":[{"id":1131,"href":"http:\/\/bienotomasyon.com\/en\/wp-json\/wp\/v2\/pages\/723\/revisions\/1131"}],"wp:attachment":[{"href":"http:\/\/bienotomasyon.com\/en\/wp-json\/wp\/v2\/media?parent=723"}],"curies":[{"name":"wp","href":"https:\/\/api.w.org\/{rel}","templated":true}]}}